{"id":1483,"date":"2016-11-29T10:39:59","date_gmt":"2016-11-29T09:39:59","guid":{"rendered":"https:\/\/www.holz-design-wurm.de\/leistungen\/"},"modified":"2022-10-19T17:32:47","modified_gmt":"2022-10-19T15:32:47","slug":"leistungen","status":"publish","type":"page","link":"https:\/\/www.holz-design-wurm.de\/en\/leistungen\/","title":{"rendered":"Skills"},"content":{"rendered":"<div>\n<h2>Entwicklung von Ideen: kreative Beratung und Ausarbeitung<\/h2>\n<div class=\"col-40\">\n<p><strong>Eine Idee ist der Anfang \u2013 bis es aber zur Ausf\u00fchrung kommt, setzen wir uns mit Ihnen zusammen und h\u00f6ren erst einmal, was f\u00fcr Sie wichtig ist. Haben Sie schon eigene Vorstellungen? Oder liegt es an uns, Ihre W\u00fcnsche aufs Blatt zu bringen und als Ganzes zu verwirklichen? Gemeinsam erarbeiten wir ein Konzept.<\/strong><\/p>\n<p>Unsere Innenarchitekten konzipieren einen Entwurf f\u00fcr die Gestaltung und Nutzung des jeweiligen Objekts, Gastronomie- oder Hotelbetriebs, inklusive Grundrissen, Visualisierungen und Materialkonzeption. Dabei sind von uns gestalterische und technische L\u00f6sungen gefordert, die als Einheit funktionieren. Vom technisierten M\u00f6belst\u00fcck bis hin zur individuellen Raumgestaltung: Unsere Designer, Techniker und Handwerker t\u00fcfteln Hand in Hand an Ihrer Produkt- bzw. r\u00e4umlichen Neuentwicklung.<\/p>\n<\/div>\n<div class=\"col-60\">\n<p><a href=\"https:\/\/www.holz-design-wurm.de\/wp-content\/uploads\/2016\/11\/Entwickelt-1.jpg\"><img fetchpriority=\"high\" decoding=\"async\" class=\"size-medium wp-image-523 alignright\" src=\"https:\/\/www.holz-design-wurm.de\/wp-content\/uploads\/2016\/11\/Entwickelt-1-300x225.jpg\" alt=\"entwickelt-1\" width=\"300\" height=\"225\" srcset=\"https:\/\/www.holz-design-wurm.de\/wp-content\/uploads\/2016\/11\/Entwickelt-1-300x225.jpg 300w, https:\/\/www.holz-design-wurm.de\/wp-content\/uploads\/2016\/11\/Entwickelt-1-200x150.jpg 200w, https:\/\/www.holz-design-wurm.de\/wp-content\/uploads\/2016\/11\/Entwickelt-1-768x576.jpg 768w, https:\/\/www.holz-design-wurm.de\/wp-content\/uploads\/2016\/11\/Entwickelt-1-1024x768.jpg 1024w, https:\/\/www.holz-design-wurm.de\/wp-content\/uploads\/2016\/11\/Entwickelt-1.jpg 2000w, https:\/\/www.holz-design-wurm.de\/wp-content\/uploads\/2016\/11\/Entwickelt-1-500x375.jpg 500w, https:\/\/www.holz-design-wurm.de\/wp-content\/uploads\/2016\/11\/Entwickelt-1-400x300.jpg 400w, https:\/\/www.holz-design-wurm.de\/wp-content\/uploads\/2016\/11\/Entwickelt-1-1180x885.jpg 1180w\" sizes=\"(max-width: 300px) 100vw, 300px\" \/><\/a>Sie k\u00f6nnen dabei auf unsere langj\u00e4hrige Erfahrung vertrauen: Ablaufplanungen, die Einhaltung von Budgetvorgaben, Entwurf- und Werkplanung durch Zeichnungen inklusive Detaill\u00f6sungen und exemplarischen Musterecken. Wir erarbeiten alles von der Idee bis zum fertigen, realisierbaren Konzept, das unsere Mitarbeiter mit Sicherheit f\u00fcr Sie umsetzen k\u00f6nnen.Durch unsere umfangreiche Bibliothek an Materialien k\u00f6nnen wir dabei auf jeden Detailwunsch eingehen und ganz individuelle L\u00f6sungen kreieren. So wird jeder Raum zum Unikat.<\/p>\n<p>Unser Trendgesp\u00fcr in Kombination mit jahrelanger Erfahrung machen uns erfolgreich und unsere Kunden zu Wiederkehrern.<\/p>\n<\/div>\n<\/div>\n<p><a href=\"https:\/\/www.holz-design-wurm.de\/wp-content\/uploads\/2016\/11\/Entwickelt-4.2.jpg\"><img decoding=\"async\" class=\"alignnone wp-image-394 size-medium\" src=\"https:\/\/www.holz-design-wurm.de\/wp-content\/uploads\/2016\/11\/Entwickelt-4.2-300x200.jpg\" alt=\"entwickelt-4-2\" width=\"300\" height=\"200\" \/><\/a><a href=\"https:\/\/www.holz-design-wurm.de\/wp-content\/uploads\/2016\/11\/Entwickelt-3.2.jpg\"><img decoding=\"async\" class=\"alignnone size-medium wp-image-392\" src=\"https:\/\/www.holz-design-wurm.de\/wp-content\/uploads\/2016\/11\/Entwickelt-3.2-300x200.jpg\" alt=\"entwickelt-3-2\" width=\"300\" height=\"200\" \/><\/a><\/p>\n<div class=\"clear\"><\/div>\n<div>\n<h2>Realisierung von Ideen: professionelle Umsetzung<\/h2>\n<div class=\"col-50\">\n<p>Geht es um die professionelle, termingerechte Realisierung, k\u00f6nnen Sie sich auf uns verlassen. Unser Kerngesch\u00e4ft bel\u00e4uft sich dabei auf den r\u00e4umlichen Innenausbau, mit Spezialisierung auf den Gastronomie- und Hotelbereich.<\/p>\n<p>Als Innen- bzw. Hochbauarchitekt finden Sie in uns einen verl\u00e4sslichen, kompetenten Partner f\u00fcr die Realisierung Ihrer Entw\u00fcrfe. Wir verstehen Ihre Sprache und blicken auf langj\u00e4hrige Erfahrungswerte zur\u00fcck. Dabei vereinen wir Handwerk mit modernster Technologie und bieten Ihnen die Komplettfertigung und Montage als Gesamtpaket an.<\/p>\n<\/div>\n<div class=\"col-50\">\n<p>Mit uns setzen Sie auf einen Betrieb, der alles aus einer Hand \u2013 auch gewerk\u00fcbergreifend \u2013 realisiert: Schreinerarbeiten, B\u00f6den, Elektroinstallation, Trockenbau, Malerarbeiten, Glasarbeiten, K\u00fchltechnik, Metallbauarbeiten und individuelle Polsterarbeiten. Wir verf\u00fcgen \u00fcber ein umfassendes Netzwerk an Handwerkern und \u00fcbernehmen die zeitliche Planung und Koordination \u2013 kurzum das gesamte Projektmanagement f\u00fcr Sie.Profitieren Sie von unserem ergiebigen Fundus an Leuchten, Stoffen, Polsterm\u00f6beln und anderen Materialien. Wir suchen auf europaweiten Messen nach neuesten Trends, arbeiten mit zahlreichen Vertretungen zusammen und halten ein umfangreiches Equipment in unserer Material- und Objektbibliothek f\u00fcr Sie bereit. Sie haben die Wahl und machen so aus Ihrem Objekt ein Unikat.<\/p>\n<\/div>\n<\/div>\n","protected":false},"excerpt":{"rendered":"<p>Entwicklung von Ideen: kreative Beratung und Ausarbeitung Eine Idee ist der Anfang \u2013 bis es aber zur Ausf\u00fchrung kommt, setzen wir uns mit Ihnen zusammen und h\u00f6ren erst einmal, was f\u00fcr Sie wichtig ist. Haben Sie schon eigene Vorstellungen? Oder liegt es an uns, Ihre W\u00fcnsche aufs Blatt zu bringen und als Ganzes zu verwirklichen? [&hellip;]<\/p>\n","protected":false},"author":3,"featured_media":0,"parent":0,"menu_order":0,"comment_status":"closed","ping_status":"closed","template":"","meta":{"_acf_changed":false,"footnotes":""},"class_list":["post-1483","page","type-page","status-publish","hentry"],"acf":[],"_links":{"self":[{"href":"https:\/\/www.holz-design-wurm.de\/en\/wp-json\/wp\/v2\/pages\/1483","targetHints":{"allow":["GET"]}}],"collection":[{"href":"https:\/\/www.holz-design-wurm.de\/en\/wp-json\/wp\/v2\/pages"}],"about":[{"href":"https:\/\/www.holz-design-wurm.de\/en\/wp-json\/wp\/v2\/types\/page"}],"author":[{"embeddable":true,"href":"https:\/\/www.holz-design-wurm.de\/en\/wp-json\/wp\/v2\/users\/3"}],"replies":[{"embeddable":true,"href":"https:\/\/www.holz-design-wurm.de\/en\/wp-json\/wp\/v2\/comments?post=1483"}],"version-history":[{"count":10,"href":"https:\/\/www.holz-design-wurm.de\/en\/wp-json\/wp\/v2\/pages\/1483\/revisions"}],"predecessor-version":[{"id":3114,"href":"https:\/\/www.holz-design-wurm.de\/en\/wp-json\/wp\/v2\/pages\/1483\/revisions\/3114"}],"wp:attachment":[{"href":"https:\/\/www.holz-design-wurm.de\/en\/wp-json\/wp\/v2\/media?parent=1483"}],"curies":[{"name":"wp","href":"https:\/\/api.w.org\/{rel}","templated":true}]}}