{"id":1487,"date":"2016-10-12T12:33:59","date_gmt":"2016-10-12T10:33:59","guid":{"rendered":"https:\/\/www.holz-design-wurm.de\/unternehmen\/"},"modified":"2024-09-30T17:32:02","modified_gmt":"2024-09-30T15:32:02","slug":"company","status":"publish","type":"page","link":"https:\/\/www.holz-design-wurm.de\/en\/company\/","title":{"rendered":"Company"},"content":{"rendered":"<p><strong>Holz und Design Wurm<\/strong> ist seit f\u00fcnf Generationen in Familienhand. 1858 gegr\u00fcndet als \u201eSchreinerei Wurm\u201c wurde aus dem Familienbetrieb \u00fcber die Jahrzehnte ein mittelst\u00e4ndisches Unternehmen mit derzeit 32 festangestellten Mitarbeitern. J\u00e4hrlich realisieren wir bis zu 25 Projekte mit einem Umsatzvolumen von mehr als vier Millionen Euro. Georg Anton Wurm spezialisierte den Betrieb auf eine M\u00f6belschreinerei mit Fokus auf den Innenausbau im Hotel- und Gastst\u00e4ttenbereich.<\/p>\n<p>Mit der Ausdehnung um eigene Planungsleistungen komplettierten wir unser Angebotsspektrum und vergr\u00f6\u00dferten unseren Kundenbereich: Seit 1992 sind wir nicht nur verl\u00e4sslicher, kompetenter Partner f\u00fcr Innen- und Hochbauarchitekten, sondern auch als Ideenentwickler gefragt. Durch die Anschaffung einer CNC-Maschine und Realisierung einer reinen CAD-CAM L\u00f6sung sowie einer Roborterunterst\u00fczter Fertigung erweiterten wir unser Leistungsprofil.<\/p>\n<p>So ergibt sich unser heutiges Leistungsangebot: Entwicklung von Ideen, Realisierung von Ideen sowie Vervielfachung von Ideen (Serienfertigung).<\/p>\n<h2>Unsere Geschichte im \u00dcberblick<\/h2>\n","protected":false},"excerpt":{"rendered":"<p>Holz und Design Wurm ist seit f\u00fcnf Generationen in Familienhand. 1858 gegr\u00fcndet als \u201eSchreinerei Wurm\u201c wurde aus dem Familienbetrieb \u00fcber die Jahrzehnte ein mittelst\u00e4ndisches Unternehmen mit derzeit 32 festangestellten Mitarbeitern. J\u00e4hrlich realisieren wir bis zu 25 Projekte mit einem Umsatzvolumen von mehr als vier Millionen Euro. Georg Anton Wurm spezialisierte den Betrieb auf eine M\u00f6belschreinerei [&hellip;]<\/p>\n","protected":false},"author":3,"featured_media":0,"parent":0,"menu_order":0,"comment_status":"closed","ping_status":"closed","template":"page-unternehmen.php","meta":{"_acf_changed":false,"footnotes":""},"class_list":["post-1487","page","type-page","status-publish","hentry"],"acf":[],"_links":{"self":[{"href":"https:\/\/www.holz-design-wurm.de\/en\/wp-json\/wp\/v2\/pages\/1487","targetHints":{"allow":["GET"]}}],"collection":[{"href":"https:\/\/www.holz-design-wurm.de\/en\/wp-json\/wp\/v2\/pages"}],"about":[{"href":"https:\/\/www.holz-design-wurm.de\/en\/wp-json\/wp\/v2\/types\/page"}],"author":[{"embeddable":true,"href":"https:\/\/www.holz-design-wurm.de\/en\/wp-json\/wp\/v2\/users\/3"}],"replies":[{"embeddable":true,"href":"https:\/\/www.holz-design-wurm.de\/en\/wp-json\/wp\/v2\/comments?post=1487"}],"version-history":[{"count":19,"href":"https:\/\/www.holz-design-wurm.de\/en\/wp-json\/wp\/v2\/pages\/1487\/revisions"}],"predecessor-version":[{"id":3591,"href":"https:\/\/www.holz-design-wurm.de\/en\/wp-json\/wp\/v2\/pages\/1487\/revisions\/3591"}],"wp:attachment":[{"href":"https:\/\/www.holz-design-wurm.de\/en\/wp-json\/wp\/v2\/media?parent=1487"}],"curies":[{"name":"wp","href":"https:\/\/api.w.org\/{rel}","templated":true}]}}